{"id":2334,"date":"2020-09-28T11:06:53","date_gmt":"2020-09-28T09:06:53","guid":{"rendered":"https:\/\/www.jan-collezione.com\/?post_type=product&#038;p=2334"},"modified":"2025-05-09T16:33:16","modified_gmt":"2025-05-09T14:33:16","slug":"plumas","status":"publish","type":"product","link":"https:\/\/www.jan-collezione.com\/en\/product\/plumas\/","title":{"rendered":"Feathers"},"content":{"rendered":"<p>[et_pb_section fb_built=&#8221;1&#8243; _builder_version=&#8221;3.22&#8243; custom_padding=&#8221;0px||||false|false&#8221;][et_pb_row _builder_version=&#8221;3.25&#8243; background_size=&#8221;initial&#8221; background_position=&#8221;top_left&#8221; background_repeat=&#8221;repeat&#8221; width=&#8221;100%&#8221; custom_padding=&#8221;0px||0px||false|false&#8221;][et_pb_column type=&#8221;4_4&#8243; _builder_version=&#8221;3.25&#8243; custom_padding=&#8221;|||&#8221; custom_padding__hover=&#8221;|||&#8221;][et_pb_wc_breadcrumb _builder_version=&#8221;4.6.5&#8243; body_font_size=&#8221;15px&#8221;][\/et_pb_wc_breadcrumb][et_pb_wc_cart_notice _builder_version=&#8221;4.6.5&#8243; body_font_size=&#8221;20px&#8221; body_letter_spacing=&#8221;1px&#8221; custom_button=&#8221;on&#8221; button_text_color=&#8221;#b60042&#8243; button_bg_color=&#8221;#ffffff&#8221; button_border_width=&#8221;2px&#8221; button_border_color=&#8221;#ffffff&#8221; button_use_icon=&#8221;off&#8221; button_text_color__hover_enabled=&#8221;on|hover&#8221; button_text_color__hover=&#8221;#ffffff&#8221; button_border_width__hover_enabled=&#8221;on|hover&#8221; button_border_width__hover=&#8221;2px&#8221; button_bg_color__hover_enabled=&#8221;on|desktop&#8221; button_bg_color__hover=&#8221;#b60042&#8243; button_bg_enable_color__hover=&#8221;on&#8221;][\/et_pb_wc_cart_notice][\/et_pb_column][\/et_pb_row][et_pb_row column_structure=&#8221;1_2,1_2&#8243; _builder_version=&#8221;3.25&#8243; background_size=&#8221;initial&#8221; background_position=&#8221;top_left&#8221; background_repeat=&#8221;repeat&#8221; width=&#8221;100%&#8221; custom_padding=&#8221;0px||||false|false&#8221;][et_pb_column type=&#8221;1_2&#8243; _builder_version=&#8221;3.25&#8243; custom_padding=&#8221;|||&#8221; custom_padding__hover=&#8221;|||&#8221;][et_pb_wc_images _builder_version=&#8221;3.0.47&#8243;][\/et_pb_wc_images][\/et_pb_column][et_pb_column type=&#8221;1_2&#8243; _builder_version=&#8221;3.25&#8243; custom_padding=&#8221;|||&#8221; custom_padding__hover=&#8221;|||&#8221;][et_pb_wc_title _builder_version=&#8221;3.0.47&#8243;][\/et_pb_wc_title][et_pb_wc_rating _builder_version=&#8221;4.6.5&#8243; rating_font_size=&#8221;15px&#8221; rating_letter_spacing=&#8221;1px&#8221; body_text_color=&#8221;#f19300&#8243; body_font_size=&#8221;15px&#8221;][\/et_pb_wc_rating][et_pb_wc_price _builder_version=&#8221;4.6.5&#8243; body_font_size=&#8221;30px&#8221;][\/et_pb_wc_price][et_pb_wc_description _builder_version=&#8221;3.0.47&#8243;][\/et_pb_wc_description][et_pb_wc_add_to_cart _builder_version=&#8221;4.6.5&#8243; custom_button=&#8221;on&#8221; button_text_color=&#8221;#ffffff&#8221; button_bg_color=&#8221;#b60042&#8243; button_text_color__hover_enabled=&#8221;on|hover&#8221;][\/et_pb_wc_add_to_cart][et_pb_wc_meta _builder_version=&#8221;4.6.5&#8243;][\/et_pb_wc_meta][\/et_pb_column][\/et_pb_row][et_pb_row _builder_version=&#8221;3.25&#8243; background_size=&#8221;initial&#8221; background_position=&#8221;top_left&#8221; background_repeat=&#8221;repeat&#8221; width=&#8221;100%&#8221;][et_pb_column type=&#8221;4_4&#8243; _builder_version=&#8221;3.25&#8243; custom_padding=&#8221;|||&#8221; custom_padding__hover=&#8221;|||&#8221;][et_pb_wc_tabs _builder_version=&#8221;3.0.47&#8243;]\t\t\t\t\t[\/et_pb_wc_tabs][et_pb_wc_upsells _builder_version=&#8221;3.0.47&#8243;][\/et_pb_wc_upsells][et_pb_wc_related_products icon_hover_color=&#8221;rgba(182,0,66,0.5)&#8221; hover_overlay_color=&#8221;rgba(255,255,255,0.5)&#8221; _builder_version=&#8221;4.6.5&#8243; product_title_text_align=&#8221;center&#8221; product_title_text_color=&#8221;#b60042&#8243; product_title_font_size=&#8221;22px&#8221; product_title_letter_spacing=&#8221;1px&#8221; price_text_align=&#8221;center&#8221; price_text_color=&#8221;#000000&#8243; price_font_size=&#8221;20px&#8221; price_line_height=&#8221;20px&#8221;][\/et_pb_wc_related_products][\/et_pb_column][\/et_pb_row][\/et_pb_section]<\/p>","protected":false},"excerpt":{"rendered":"<p><strong>100% flamed cotton T-shirt, premium quality.<\/strong>.<br \/>\nCasual\u00a0wear\u00a0T-shirt\u00a0line with that tad more scoundrel and transgressive aesthetic. On trend in Italy, with a free cut, that peculiar cut at the neck, low T-shirt and sleeves.\u00a0Twisting\u00a0the cotton thread creates small contrasting waters that, when dyed cold, make it peculiar and unique.<\/p>","protected":false},"featured_media":1056,"comment_status":"open","ping_status":"closed","template":"","meta":{"_et_pb_use_builder":"on","_et_pb_old_content":"<strong>Camiseta 100% algod\u00f3n flameado, calidad premium<\/strong>.\r\nT-shirts\u00a0casual\u00a0wear\u00a0acorde con esta est\u00e9tica, algo m\u00e1s canalla y transgresora. De tendencia en Italia, con un corte libre, ese corte peculiar al cuello, bajo camiseta y mangas. Al\u00a0torsionar\u00a0el\u00a0hilo\u00a0del algod\u00f3n crea unas peque\u00f1as aguas contrastadas que al\u00a0tintarla\u00a0en\u00a0fr\u00edo\u00a0la hace peculiar y \u00fanica. Entre las costuras de la prenda queda el color original de la camiseta con la peculiaridad de conseguir en cada una de ellas un acabado distinto y inigualable. Todas las fases las trabajamos con mucho mimo ya que queremos que sea casi perfecto.\r\n<ul>\r\n \t<li>Prenda te\u00f1ida despu\u00e9s de confeccionada, la apariencia de cada prenda puede variar, el color\u00a0 o dise\u00f1o puede borrarse, siga nuestra etiqueta de cuidado.<\/li>\r\n \t<li>Podr\u00eda haber peque\u00f1as diferencias de 1 a 3 cms. en las medidas de las camisetas en ancho o largo, debido a la confecci\u00f3n artesanal.<\/li>\r\n \t<li>Te aconsejamos que cojas una camiseta la cual uses y tomes las medidas que indicamos A-B-C, para pedir tu talla.<\/li>\r\n \t<li>Todos los cortes bajos de la camisetas son de corte libre, incluidos los colores azul y gris.<\/li>\r\n \t<li>Todos los dise\u00f1o se fusionando con el fondo del color de la camiseta, sali\u00e9ndose del t\u00edpico dise\u00f1os con recuadro.<\/li>\r\n \t<li>Gramage medio 160 gms aprox.<\/li>\r\n \t<li>Los colores reales de la prenda pueden variar en funci\u00f3n de la configuraci\u00f3n del dispositivo con las que este visualizando.<\/li>\r\n<\/ul>","_et_gb_content_width":""},"pwb-brand":[244],"product_brand":[],"product_cat":[178,190,171,182,29,85,68],"product_tag":[84,44,48],"class_list":{"0":"post-2334","1":"product","2":"type-product","3":"status-publish","4":"has-post-thumbnail","6":"pwb-brand-jan-collezione","7":"product_cat-inorganicas","8":"product_cat-coleccion-2020-inorganicas","9":"product_cat-outlet","10":"product_cat-t-shirt","11":"product_cat-jan","12":"product_cat-camiseta-plumas","13":"product_cat-unisex","14":"product_tag-amarillo","15":"product_tag-blanco","16":"product_tag-gris","18":"first","19":"instock","20":"sale","21":"taxable","22":"shipping-taxable","23":"purchasable","24":"product-type-variable"},"jetpack_sharing_enabled":true,"brands":[{"id":244,"name":"Jan Collezione","slug":"jan-collezione"}],"_links":{"self":[{"href":"https:\/\/www.jan-collezione.com\/en\/wp-json\/wp\/v2\/product\/2334","targetHints":{"allow":["GET"]}}],"collection":[{"href":"https:\/\/www.jan-collezione.com\/en\/wp-json\/wp\/v2\/product"}],"about":[{"href":"https:\/\/www.jan-collezione.com\/en\/wp-json\/wp\/v2\/types\/product"}],"replies":[{"embeddable":true,"href":"https:\/\/www.jan-collezione.com\/en\/wp-json\/wp\/v2\/comments?post=2334"}],"wp:featuredmedia":[{"embeddable":true,"href":"https:\/\/www.jan-collezione.com\/en\/wp-json\/wp\/v2\/media\/1056"}],"wp:attachment":[{"href":"https:\/\/www.jan-collezione.com\/en\/wp-json\/wp\/v2\/media?parent=2334"}],"wp:term":[{"taxonomy":"pwb-brand","embeddable":true,"href":"https:\/\/www.jan-collezione.com\/en\/wp-json\/wp\/v2\/pwb-brand?post=2334"},{"taxonomy":"product_brand","embeddable":true,"href":"https:\/\/www.jan-collezione.com\/en\/wp-json\/wp\/v2\/product_brand?post=2334"},{"taxonomy":"product_cat","embeddable":true,"href":"https:\/\/www.jan-collezione.com\/en\/wp-json\/wp\/v2\/product_cat?post=2334"},{"taxonomy":"product_tag","embeddable":true,"href":"https:\/\/www.jan-collezione.com\/en\/wp-json\/wp\/v2\/product_tag?post=2334"}],"curies":[{"name":"wp","href":"https:\/\/api.w.org\/{rel}","templated":true}]}}